{"id":28,"date":"2022-08-23T16:27:09","date_gmt":"2022-08-23T14:27:09","guid":{"rendered":"https:\/\/vigorous-hypatia.92-205-25-42.plesk.page\/en\/?page_id=28"},"modified":"2023-02-01T16:21:40","modified_gmt":"2023-02-01T15:21:40","slug":"impressum","status":"publish","type":"page","link":"https:\/\/electronicid.de\/en\/impressum\/","title":{"rendered":"Imprint"},"content":{"rendered":"\n<p>Information pursuant to Sect. 5 German Telemedia Act (TMG)<\/p>\n\n\n\n<p><br>electronic ID e.V.<br>Dellbr\u00fccker Str. 25<br>51067 K\u00f6ln<br><br>Register of Associations: VR 19217<br>Registration court: Amtsgericht K\u00f6ln<br><br>Represented by:<br><br>Felix Knoblauch<br>Sarah Heemann<br>Matthias Schuller<br><br>Dellbr\u00fccker Str. 25<br>51067 K\u00f6ln<br><br>Contact<br><br>Phone: 0151 21326853<br>E-mail: info@electronicid.de<br><br>Person responsible for editorial<br><br>Felix Knoblauch<br>Sarah Heemann<br>Matthias Schuller<br>Dellbr\u00fccker Str. 25<br>51067 K\u00f6ln<\/p>\n\n\n\n<p id=\"tw-target-text\">Concept, design and implementation<\/p>\n\n\n\n<p>Quandel Staudt Design GmbH<br>Schleusenstra\u00dfe 17<br>60327 Frankfurt am Main<br><a href=\"http:\/\/www.quandelstaudt.com\" target=\"_blank\" rel=\"noreferrer noopener\">quandelstaudt.com<\/a><\/p>\n\n\n\n<p><br><br>EU dispute resolution<br>The European Commission provides a platform for online dispute resolution (ODR):<br>https:\/\/ec.europa.eu\/consumers\/odr\/.<br>Our e-mail address can be found above in the site notice.<br><\/p>\n\n\n\n<p>Dispute resolution proceedings in front of a consumer arbitration<br>board<br>We are not willing or obliged to participate in dispute resolution proceedings in front of a consumer<br>arbitration board.<\/p>\n","protected":false},"excerpt":{"rendered":"<p>Information pursuant to Sect. 5 German Telemedia Act (TMG) electronic ID e.V.Dellbr\u00fccker Str. 2551067 K\u00f6ln Register of Associations: VR 19217Registration court: Amtsgericht K\u00f6ln Represented by: Felix KnoblauchSarah HeemannMatthias Schuller Dellbr\u00fccker Str. 2551067 K\u00f6ln Contact Phone: 0151 21326853E-mail: info@electronicid.de Person responsible for editorial Felix KnoblauchSarah HeemannMatthias SchullerDellbr\u00fccker Str. 2551067 K\u00f6ln Concept, design and implementation Quandel Staudt [&hellip;]<\/p>\n","protected":false},"author":1,"featured_media":0,"parent":0,"menu_order":0,"comment_status":"closed","ping_status":"closed","template":"","meta":{"_acf_changed":false,"footnotes":""},"class_list":["post-28","page","type-page","status-publish","hentry"],"acf":[],"yoast_head":"<!-- This site is optimized with the Yoast SEO plugin v27.3 - https:\/\/yoast.com\/product\/yoast-seo-wordpress\/ -->\n<title>Imprint - electronic id<\/title>\n<meta name=\"robots\" content=\"noindex, follow\" \/>\n<meta property=\"og:locale\" content=\"en_US\" \/>\n<meta property=\"og:type\" content=\"article\" \/>\n<meta property=\"og:title\" content=\"Imprint - electronic id\" \/>\n<meta property=\"og:description\" content=\"Information pursuant to Sect. 5 German Telemedia Act (TMG) electronic ID e.V.Dellbr\u00fccker Str. 2551067 K\u00f6ln Register of Associations: VR 19217Registration court: Amtsgericht K\u00f6ln Represented by: Felix KnoblauchSarah HeemannMatthias Schuller Dellbr\u00fccker Str. 2551067 K\u00f6ln Contact Phone: 0151 21326853E-mail: info@electronicid.de Person responsible for editorial Felix KnoblauchSarah HeemannMatthias SchullerDellbr\u00fccker Str. 2551067 K\u00f6ln Concept, design and implementation Quandel Staudt [&hellip;]\" \/>\n<meta property=\"og:url\" content=\"https:\/\/electronicid.de\/en\/impressum\/\" \/>\n<meta property=\"og:site_name\" content=\"electronic id\" \/>\n<meta property=\"article:modified_time\" content=\"2023-02-01T15:21:40+00:00\" \/>\n<meta name=\"twitter:card\" content=\"summary_large_image\" \/>\n<meta name=\"twitter:label1\" content=\"Est. reading time\" \/>\n\t<meta name=\"twitter:data1\" content=\"1 minute\" \/>\n<script type=\"application\/ld+json\" class=\"yoast-schema-graph\">{\"@context\":\"https:\\\/\\\/schema.org\",\"@graph\":[{\"@type\":\"WebPage\",\"@id\":\"https:\\\/\\\/electronicid.de\\\/en\\\/impressum\\\/\",\"url\":\"https:\\\/\\\/electronicid.de\\\/en\\\/impressum\\\/\",\"name\":\"Imprint - electronic id\",\"isPartOf\":{\"@id\":\"https:\\\/\\\/electronicid.de\\\/en\\\/#website\"},\"datePublished\":\"2022-08-23T14:27:09+00:00\",\"dateModified\":\"2023-02-01T15:21:40+00:00\",\"breadcrumb\":{\"@id\":\"https:\\\/\\\/electronicid.de\\\/en\\\/impressum\\\/#breadcrumb\"},\"inLanguage\":\"en-US\",\"potentialAction\":[{\"@type\":\"ReadAction\",\"target\":[\"https:\\\/\\\/electronicid.de\\\/en\\\/impressum\\\/\"]}]},{\"@type\":\"BreadcrumbList\",\"@id\":\"https:\\\/\\\/electronicid.de\\\/en\\\/impressum\\\/#breadcrumb\",\"itemListElement\":[{\"@type\":\"ListItem\",\"position\":1,\"name\":\"Startseite\",\"item\":\"https:\\\/\\\/electronicid.de\\\/en\\\/\"},{\"@type\":\"ListItem\",\"position\":2,\"name\":\"Imprint\"}]},{\"@type\":\"WebSite\",\"@id\":\"https:\\\/\\\/electronicid.de\\\/en\\\/#website\",\"url\":\"https:\\\/\\\/electronicid.de\\\/en\\\/\",\"name\":\"electronic id\",\"description\":\"\",\"potentialAction\":[{\"@type\":\"SearchAction\",\"target\":{\"@type\":\"EntryPoint\",\"urlTemplate\":\"https:\\\/\\\/electronicid.de\\\/en\\\/?s={search_term_string}\"},\"query-input\":{\"@type\":\"PropertyValueSpecification\",\"valueRequired\":true,\"valueName\":\"search_term_string\"}}],\"inLanguage\":\"en-US\"}]}<\/script>\n<!-- \/ Yoast SEO plugin. -->","yoast_head_json":{"title":"Imprint - electronic id","robots":{"index":"noindex","follow":"follow"},"og_locale":"en_US","og_type":"article","og_title":"Imprint - electronic id","og_description":"Information pursuant to Sect. 5 German Telemedia Act (TMG) electronic ID e.V.Dellbr\u00fccker Str. 2551067 K\u00f6ln Register of Associations: VR 19217Registration court: Amtsgericht K\u00f6ln Represented by: Felix KnoblauchSarah HeemannMatthias Schuller Dellbr\u00fccker Str. 2551067 K\u00f6ln Contact Phone: 0151 21326853E-mail: info@electronicid.de Person responsible for editorial Felix KnoblauchSarah HeemannMatthias SchullerDellbr\u00fccker Str. 2551067 K\u00f6ln Concept, design and implementation Quandel Staudt [&hellip;]","og_url":"https:\/\/electronicid.de\/en\/impressum\/","og_site_name":"electronic id","article_modified_time":"2023-02-01T15:21:40+00:00","twitter_card":"summary_large_image","twitter_misc":{"Est. reading time":"1 minute"},"schema":{"@context":"https:\/\/schema.org","@graph":[{"@type":"WebPage","@id":"https:\/\/electronicid.de\/en\/impressum\/","url":"https:\/\/electronicid.de\/en\/impressum\/","name":"Imprint - electronic id","isPartOf":{"@id":"https:\/\/electronicid.de\/en\/#website"},"datePublished":"2022-08-23T14:27:09+00:00","dateModified":"2023-02-01T15:21:40+00:00","breadcrumb":{"@id":"https:\/\/electronicid.de\/en\/impressum\/#breadcrumb"},"inLanguage":"en-US","potentialAction":[{"@type":"ReadAction","target":["https:\/\/electronicid.de\/en\/impressum\/"]}]},{"@type":"BreadcrumbList","@id":"https:\/\/electronicid.de\/en\/impressum\/#breadcrumb","itemListElement":[{"@type":"ListItem","position":1,"name":"Startseite","item":"https:\/\/electronicid.de\/en\/"},{"@type":"ListItem","position":2,"name":"Imprint"}]},{"@type":"WebSite","@id":"https:\/\/electronicid.de\/en\/#website","url":"https:\/\/electronicid.de\/en\/","name":"electronic id","description":"","potentialAction":[{"@type":"SearchAction","target":{"@type":"EntryPoint","urlTemplate":"https:\/\/electronicid.de\/en\/?s={search_term_string}"},"query-input":{"@type":"PropertyValueSpecification","valueRequired":true,"valueName":"search_term_string"}}],"inLanguage":"en-US"}]}},"_links":{"self":[{"href":"https:\/\/electronicid.de\/en\/wp-json\/wp\/v2\/pages\/28","targetHints":{"allow":["GET"]}}],"collection":[{"href":"https:\/\/electronicid.de\/en\/wp-json\/wp\/v2\/pages"}],"about":[{"href":"https:\/\/electronicid.de\/en\/wp-json\/wp\/v2\/types\/page"}],"author":[{"embeddable":true,"href":"https:\/\/electronicid.de\/en\/wp-json\/wp\/v2\/users\/1"}],"replies":[{"embeddable":true,"href":"https:\/\/electronicid.de\/en\/wp-json\/wp\/v2\/comments?post=28"}],"version-history":[{"count":5,"href":"https:\/\/electronicid.de\/en\/wp-json\/wp\/v2\/pages\/28\/revisions"}],"predecessor-version":[{"id":397,"href":"https:\/\/electronicid.de\/en\/wp-json\/wp\/v2\/pages\/28\/revisions\/397"}],"wp:attachment":[{"href":"https:\/\/electronicid.de\/en\/wp-json\/wp\/v2\/media?parent=28"}],"curies":[{"name":"wp","href":"https:\/\/api.w.org\/{rel}","templated":true}]}}